{"id":68,"date":"2021-10-15T17:30:24","date_gmt":"2021-10-15T22:30:24","guid":{"rendered":"https:\/\/grupofaro.org\/SeparadosperoUnidos\/?page_id=68"},"modified":"2021-12-14T10:04:25","modified_gmt":"2021-12-14T15:04:25","slug":"modulos-de-formacion","status":"publish","type":"page","link":"https:\/\/grupofaro.org\/SeparadosperoUnidos\/modulos-de-formacion\/","title":{"rendered":"M\u00f3dulos de Formaci\u00f3n"},"content":{"rendered":"<p>[et_pb_section fb_built=\u00bb1&#8243; admin_label=\u00bbIntro Modulos\u00bb _builder_version=\u00bb4.14.2&#8243; _module_preset=\u00bbdefault\u00bb use_background_color_gradient=\u00bbon\u00bb background_color_gradient_start=\u00bbrgba(48,43,40,0.4)\u00bb background_color_gradient_end=\u00bbrgba(112,112,111,0.3)\u00bb background_image=\u00bbhttps:\/\/grupofaro.org\/SeparadosperoUnidos\/wp-content\/uploads\/2021\/11\/SSPCDAMGFR0780-web.jpg\u00bb background_blend=\u00bbmultiply\u00bb min_height=\u00bb100vh\u00bb custom_margin=\u00bb0px||0px||false|false\u00bb custom_padding=\u00bb0px||0px||false|false\u00bb background_last_edited=\u00bbon|phone\u00bb background_image_phone=\u00bbhttps:\/\/grupofaro.org\/SeparadosperoUnidos\/wp-content\/uploads\/2021\/12\/cda-fondo.jpg\u00bb background_enable_image_phone=\u00bbon\u00bb collapsed=\u00bboff\u00bb global_colors_info=\u00bb{}\u00bb][et_pb_row column_structure=\u00bb1_4,3_4&#8243; use_custom_gutter=\u00bbon\u00bb gutter_width=\u00bb1&#8243; make_equal=\u00bbon\u00bb _builder_version=\u00bb4.14.2&#8243; _module_preset=\u00bbdefault\u00bb positioning=\u00bbabsolute\u00bb width=\u00bb100%\u00bb max_width=\u00bb1920px\u00bb custom_margin=\u00bb80px|0px|0px|0px|false|false\u00bb custom_padding=\u00bb0px|50px|0px|0px|false|false\u00bb hover_enabled=\u00bb0&#8243; locked=\u00bboff\u00bb global_colors_info=\u00bb{}\u00bb horizontal_offset_last_edited=\u00bbon|phone\u00bb sticky_enabled=\u00bb0&#8243; horizontal_offset_phone=\u00bb-85px\u00bb][et_pb_column type=\u00bb1_4&#8243; _builder_version=\u00bb4.13.0&#8243; _module_preset=\u00bbdefault\u00bb background_enable_color=\u00bboff\u00bb z_index=\u00bb306&#8243; global_colors_info=\u00bb{}\u00bb][et_pb_blurb title=\u00bbFormaci\u00f3n Docente\u00bb image=\u00bbhttps:\/\/grupofaro.org\/SeparadosperoUnidos\/wp-content\/uploads\/2021\/11\/docente.png\u00bb image_icon_width=\u00bb80px\u00bb _builder_version=\u00bb4.14.2&#8243; _module_preset=\u00bbdefault\u00bb header_font=\u00bb|600||on|||||\u00bb header_text_align=\u00bbcenter\u00bb background_color=\u00bb#EC6907&#8243; z_index=\u00bb378&#8243; background_layout=\u00bbdark\u00bb width=\u00bb240px\u00bb width_tablet=\u00bb240px\u00bb width_phone=\u00bb150px\u00bb width_last_edited=\u00bbon|phone\u00bb max_width=\u00bb240px\u00bb max_width_tablet=\u00bb240px\u00bb max_width_phone=\u00bb150px\u00bb max_width_last_edited=\u00bbon|phone\u00bb module_alignment=\u00bbright\u00bb min_height=\u00bb200px\u00bb min_height_tablet=\u00bb200px\u00bb min_height_phone=\u00bb150px\u00bb min_height_last_edited=\u00bbon|phone\u00bb height=\u00bb200px\u00bb height_tablet=\u00bb200px\u00bb height_phone=\u00bb150px\u00bb height_last_edited=\u00bbon|phone\u00bb max_height=\u00bb200px\u00bb max_height_tablet=\u00bb200px\u00bb max_height_phone=\u00bb150px\u00bb max_height_last_edited=\u00bbon|phone\u00bb custom_padding=\u00bb30px|30px|30px|30px|false|false\u00bb custom_padding_tablet=\u00bb30px|30px|30px|30px|false|false\u00bb custom_padding_phone=\u00bb10px|10px|10px|10px|false|false\u00bb custom_padding_last_edited=\u00bbon|phone\u00bb header_font_size_tablet=\u00bb\u00bb header_font_size_phone=\u00bb14px\u00bb header_font_size_last_edited=\u00bbon|phone\u00bb module_alignment_tablet=\u00bbright\u00bb module_alignment_phone=\u00bbcenter\u00bb module_alignment_last_edited=\u00bbon|phone\u00bb border_color_all=\u00bb#EC6907&#8243; border_width_bottom=\u00bb4px\u00bb box_shadow_style=\u00bbpreset2&#8243; box_shadow_horizontal_tablet=\u00bb\u00bb box_shadow_horizontal_phone=\u00bb\u00bb box_shadow_horizontal_last_edited=\u00bbon|desktop\u00bb locked=\u00bboff\u00bb global_colors_info=\u00bb{}\u00bb box_shadow_horizontal__hover_enabled=\u00bbon|hover\u00bb box_shadow_vertical__hover_enabled=\u00bbon|hover\u00bb][\/et_pb_blurb][et_pb_toggle title=\u00bbM\u00f3dulos\u00bb icon_color=\u00bb#006EAE\u00bb toggle_icon=\u00bb&#xf107;||fa||900&#8243; _builder_version=\u00bb4.14.2&#8243; _module_preset=\u00bbdefault\u00bb title_level=\u00bbh6&#8243; width=\u00bb240px\u00bb width_tablet=\u00bb240px\u00bb width_phone=\u00bb150%\u00bb width_last_edited=\u00bbon|phone\u00bb max_width=\u00bb240px\u00bb max_width_tablet=\u00bb240px\u00bb max_width_phone=\u00bb150px\u00bb max_width_last_edited=\u00bbon|phone\u00bb module_alignment=\u00bbright\u00bb module_alignment_tablet=\u00bbright\u00bb module_alignment_phone=\u00bbcenter\u00bb module_alignment_last_edited=\u00bbon|phone\u00bb global_colors_info=\u00bb{}\u00bb]<\/p>\n<p>1: Metodolog\u00edas innovadoras de ense\u00f1anza<\/p>\n<p>2: Herramientas virtuales para el aprendizaje<\/p>\n<p>3: Habilidades socioemocionales para la ense\u00f1anza<\/p>\n<p>4: Plataformas virtuales para el aprendizaje<\/p>\n<p>[\/et_pb_toggle][\/et_pb_column][et_pb_column type=\u00bb3_4&#8243; _builder_version=\u00bb4.13.0&#8243; _module_preset=\u00bbdefault\u00bb background_enable_color=\u00bboff\u00bb global_colors_info=\u00bb{}\u00bb][\/et_pb_column][\/et_pb_row][et_pb_row use_custom_gutter=\u00bbon\u00bb gutter_width=\u00bb1&#8243; custom_padding_last_edited=\u00bbon|phone\u00bb _builder_version=\u00bb4.14.2&#8243; _module_preset=\u00bbdefault\u00bb width=\u00bb60%\u00bb width_tablet=\u00bb60%\u00bb width_phone=\u00bb80%\u00bb width_last_edited=\u00bbon|phone\u00bb max_width_tablet=\u00bb\u00bb max_width_phone=\u00bb\u00bb max_width_last_edited=\u00bbon|desktop\u00bb module_alignment=\u00bbright\u00bb custom_margin=\u00bb0px||||false|false\u00bb custom_margin_tablet=\u00bb0px||||false|false\u00bb custom_margin_phone=\u00bb1px|auto||auto|false|false\u00bb custom_margin_last_edited=\u00bbon|phone\u00bb custom_padding=\u00bb94px|50px|||false|false\u00bb custom_padding_tablet=\u00bb94px|50px|||false|false\u00bb custom_padding_phone=\u00bb450px|50px|||false|false\u00bb module_alignment_tablet=\u00bbright\u00bb module_alignment_phone=\u00bbcenter\u00bb module_alignment_last_edited=\u00bbon|phone\u00bb global_colors_info=\u00bb{}\u00bb][et_pb_column type=\u00bb4_4&#8243; _builder_version=\u00bb4.11.4&#8243; _module_preset=\u00bbdefault\u00bb global_colors_info=\u00bb{}\u00bb][et_pb_blurb title=\u00bbPatty &#8211; Docente\u00bb icon_placement=\u00bbleft\u00bb image_icon_width=\u00bb10px\u00bb content_max_width=\u00bb100%\u00bb module_class=\u00bbpa-speech-bubble-left\u00bb _builder_version=\u00bb4.14.2&#8243; _module_preset=\u00bbdefault\u00bb header_level=\u00bbh6&#8243; background_enable_color=\u00bboff\u00bb width=\u00bb350px\u00bb width_tablet=\u00bb350px\u00bb width_phone=\u00bb300px\u00bb width_last_edited=\u00bbon|phone\u00bb module_alignment=\u00bbleft\u00bb custom_margin=\u00bb||30px|0px|false|false\u00bb custom_padding=\u00bb|0px||0px|false|false\u00bb custom_css_main_element=\u00bb||\u00bb custom_css_blurb_image=\u00bbmargin-left: 12px;||margin-top:50px;||\u00bb custom_css_blurb_content=\u00bbdisplay: flex;||flex-direction: row-reverse;\u00bb box_shadow_style=\u00bbpreset2&#8243; box_shadow_color=\u00bbrgba(112,112,111,0.44)\u00bb locked=\u00bboff\u00bb global_colors_info=\u00bb{}\u00bb]\u00bfC\u00f3mo afrontamos el proceso de educaci\u00f3n virtual?<br \/>\n[\/et_pb_blurb][et_pb_blurb title=\u00bbFARO\u00bb use_icon=\u00bbon\u00bb font_icon=\u00bb&#xf560;||fa||900&#8243; icon_color=\u00bb#00a9e0&#8243; icon_placement=\u00bbleft\u00bb image_icon_width=\u00bb10px\u00bb content_max_width=\u00bb100%\u00bb module_class=\u00bbpa-speech-bubble-right\u00bb _builder_version=\u00bb4.14.2&#8243; _module_preset=\u00bbdefault\u00bb header_level=\u00bbh6&#8243; background_enable_color=\u00bboff\u00bb width=\u00bb520px\u00bb width_tablet=\u00bb520px\u00bb width_phone=\u00bb300px\u00bb width_last_edited=\u00bbon|phone\u00bb module_alignment=\u00bbright\u00bb custom_margin=\u00bb|150px|20px||false|false\u00bb custom_padding=\u00bb|0px||0px|false|false\u00bb animation_style=\u00bbslide\u00bb animation_delay=\u00bb1000ms\u00bb custom_css_main_element=\u00bb||\u00bb custom_css_blurb_image=\u00bbmargin-left: 12px;||margin-top:50px;||\u00bb custom_css_blurb_content=\u00bbdisplay: flex;||flex-direction: row-reverse;\u00bb box_shadow_style=\u00bbpreset2&#8243; box_shadow_color=\u00bbrgba(112,112,111,0.44)\u00bb locked=\u00bboff\u00bb global_colors_info=\u00bb{}\u00bb]Desde FARO buscamos desarrollar un proceso formativo que responda esta pregunta que es motivo de preocupaci\u00f3n de quienes son parte de una comunidad educativa. Escucha la respuesta de Paola Jacome, directora de educaci\u00f3n de FARO.<br \/>\n[\/et_pb_blurb][et_pb_blurb use_icon=\u00bbon\u00bb font_icon=\u00bb&#x49;||divi||400&#8243; icon_color=\u00bb#FFFFFF\u00bb admin_label=\u00bbvideo pao\u00bb module_class=\u00bbpa-speech-bubble-right\u00bb _builder_version=\u00bb4.14.2&#8243; _module_preset=\u00bbdefault\u00bb background_color_gradient_start=\u00bbrgba(255,255,255,0.31)\u00bb background_color_gradient_end=\u00bbrgba(0,0,0,0.3)\u00bb background_image=\u00bbhttps:\/\/grupofaro.org\/SeparadosperoUnidos\/wp-content\/uploads\/2021\/12\/pao-preview-video.jpg\u00bb background_size=\u00bbcontain\u00bb width=\u00bb300px\u00bb max_width=\u00bb300px\u00bb module_alignment=\u00bbcenter\u00bb min_height=\u00bb234px\u00bb height=\u00bb234px\u00bb max_height=\u00bb234px\u00bb custom_margin=\u00bb||||false|false\u00bb custom_padding=\u00bb||||false|false\u00bb animation_style=\u00bbslide\u00bb animation_direction=\u00bbbottom\u00bb animation_delay=\u00bb1500ms\u00bb dsm_modules_popup=\u00bbon\u00bb dsm_modules_popup_type=\u00bbvideo\u00bb dsm_modules_popup_video_url=\u00bbhttps:\/\/grupofaro.org\/SeparadosperoUnidos\/wp-content\/uploads\/2021\/11\/Introduccion-modulos.mp4&#8243; dsm_modules_popup_close_trigger=\u00bbfalse\u00bb dsm_modules_popup_auto_close=\u00bbon\u00bb dsm_modules_popup_auto_close_time=\u00bb83s\u00bb dsm_modules_popup_animation_in=\u00bbslideInUp\u00bb dsm_modules_popup_width=\u00bb75%\u00bb dsm_modules_overlay_background=\u00bb#006EAE\u00bb dsm_modules_close_background_color=\u00bb#ffffff\u00bb border_radii=\u00bbon|20px|20px|20px|20px\u00bb border_width_all=\u00bb7px\u00bb border_color_all=\u00bb#e6f7aa\u00bb border_width_top=\u00bb24px\u00bb box_shadow_style=\u00bbpreset1&#8243; locked=\u00bboff\u00bb global_colors_info=\u00bb{}\u00bb background__hover_enabled=\u00bbon|desktop\u00bb background_blend__hover=\u00bbnormal\u00bb][\/et_pb_blurb][\/et_pb_column][\/et_pb_row][\/et_pb_section][et_pb_section fb_built=\u00bb1&#8243; admin_label=\u00bbM\u00f3dulo 1 &#8211; Video\u00bb _builder_version=\u00bb4.13.1&#8243; _module_preset=\u00bbdefault\u00bb background_image=\u00bbhttps:\/\/grupofaro.org\/SeparadosperoUnidos\/wp-content\/uploads\/2021\/11\/Metodologi\u0301as-Innovadoras-Ensen\u0303anza-SpU-Merced.00_00_10_12.Imagen-fija001.jpg\u00bb parallax=\u00bbon\u00bb parallax_method=\u00bboff\u00bb background_enable_video_mp4=\u00bboff\u00bb height=\u00bb100vh\u00bb height_tablet=\u00bb100vh\u00bb height_phone=\u00bb100vh\u00bb height_last_edited=\u00bbon|phone\u00bb custom_margin=\u00bb0px|0px|0px|0px|false|false\u00bb custom_padding=\u00bb0px|0px|0px|0px|false|false\u00bb motion_trigger_start=\u00bbbottom\u00bb background_last_edited=\u00bbon|phone\u00bb background_image_phone=\u00bbhttps:\/\/grupofaro.org\/SeparadosperoUnidos\/wp-content\/uploads\/2021\/11\/mobile-Metodologi\u0301as-Innovadoras-Ensen\u0303anza-SpU-Merced.00_00_10_12.Imagen-fija001.jpg\u00bb background_enable_image_phone=\u00bbon\u00bb collapsed=\u00bboff\u00bb global_colors_info=\u00bb{}\u00bb][et_pb_row column_structure=\u00bb1_4,3_4&#8243; use_custom_gutter=\u00bbon\u00bb gutter_width=\u00bb1&#8243; make_equal=\u00bbon\u00bb _builder_version=\u00bb4.13.1&#8243; _module_preset=\u00bbdefault\u00bb width=\u00bb100%\u00bb max_width=\u00bb1920px\u00bb module_alignment=\u00bbleft\u00bb custom_margin=\u00bb0px|0px|0px|0px|false|false\u00bb custom_padding=\u00bb0px|50px|0px|0px|false|false\u00bb locked=\u00bboff\u00bb global_colors_info=\u00bb{}\u00bb][et_pb_column type=\u00bb1_4&#8243; _builder_version=\u00bb4.13.0&#8243; _module_preset=\u00bbdefault\u00bb background_enable_color=\u00bboff\u00bb z_index=\u00bb306&#8243; global_colors_info=\u00bb{}\u00bb][\/et_pb_column][et_pb_column type=\u00bb3_4&#8243; _builder_version=\u00bb4.13.0&#8243; _module_preset=\u00bbdefault\u00bb background_enable_color=\u00bboff\u00bb global_colors_info=\u00bb{}\u00bb][et_pb_blurb title=\u00bbMira el video\u00bb use_icon=\u00bbon\u00bb font_icon=\u00bb&#x49;||divi||400&#8243; icon_color=\u00bb#EC6907&#8243; icon_alignment=\u00bbright\u00bb content_max_width=\u00bb1100px\u00bb _builder_version=\u00bb4.14.2&#8243; _module_preset=\u00bbdefault\u00bb header_level=\u00bbh6&#8243; header_text_align=\u00bbright\u00bb header_text_color=\u00bb#EFEBE0&#8243; module_alignment=\u00bbright\u00bb custom_margin=\u00bb0px||20%||false|false\u00bb custom_margin_tablet=\u00bb20%||||false|false\u00bb custom_margin_phone=\u00bb50%||||false|false\u00bb custom_margin_last_edited=\u00bbon|desktop\u00bb custom_padding=\u00bb50px||||false|false\u00bb animation_style=\u00bbzoom\u00bb animation_delay=\u00bb2500ms\u00bb animation_intensity_zoom=\u00bb8%\u00bb animation_starting_opacity=\u00bb100%\u00bb animation_repeat=\u00bbloop\u00bb dsm_modules_popup=\u00bbon\u00bb dsm_modules_popup_type=\u00bbvideo\u00bb dsm_modules_popup_video_url=\u00bbhttps:\/\/grupofaro.org\/SeparadosperoUnidos\/wp-content\/uploads\/2021\/11\/Modulo1-mercedes.mp4&#8243; dsm_modules_popup_width=\u00bb75%\u00bb dsm_modules_overlay_background=\u00bb#006EAE\u00bb global_colors_info=\u00bb{}\u00bb dsm_modules_popup_width_last_edited=\u00bbon|phone\u00bb dsm_modules_popup_width_phone=\u00bb95%\u00bb dsm_modules_popup_width_tablet=\u00bb75%\u00bb][\/et_pb_blurb][\/et_pb_column][\/et_pb_row][\/et_pb_section][et_pb_section fb_built=\u00bb1&#8243; admin_label=\u00bbModulo 2 &#8211; Intro\u00bb _builder_version=\u00bb4.13.1&#8243; _module_preset=\u00bbdefault\u00bb background_enable_color=\u00bboff\u00bb background_color_gradient_start=\u00bb#006eae\u00bb background_color_gradient_end=\u00bb#006eae\u00bb background_image=\u00bbhttps:\/\/grupofaro.org\/SeparadosperoUnidos\/wp-content\/uploads\/2021\/11\/SSPCDAMGFR0786-web.jpg\u00bb background_position=\u00bbcenter_right\u00bb background_enable_video_mp4=\u00bboff\u00bb min_height=\u00bb100vh\u00bb custom_margin=\u00bb0px||||false|false\u00bb custom_padding=\u00bb0px||||false|false\u00bb collapsed=\u00bboff\u00bb global_colors_info=\u00bb{}\u00bb][et_pb_row column_structure=\u00bb1_4,3_4&#8243; use_custom_gutter=\u00bbon\u00bb gutter_width=\u00bb1&#8243; make_equal=\u00bbon\u00bb _builder_version=\u00bb4.13.1&#8243; _module_preset=\u00bbdefault\u00bb width=\u00bb100%\u00bb max_width=\u00bb1920px\u00bb module_alignment=\u00bbleft\u00bb custom_margin=\u00bb0px|0px|0px|0px|false|false\u00bb custom_padding=\u00bb0px|50px|0px|0px|false|false\u00bb locked=\u00bboff\u00bb global_colors_info=\u00bb{}\u00bb][et_pb_column type=\u00bb1_4&#8243; _builder_version=\u00bb4.13.0&#8243; _module_preset=\u00bbdefault\u00bb background_enable_color=\u00bboff\u00bb z_index=\u00bb306&#8243; global_colors_info=\u00bb{}\u00bb][\/et_pb_column][et_pb_column type=\u00bb3_4&#8243; _builder_version=\u00bb4.13.0&#8243; _module_preset=\u00bbdefault\u00bb background_enable_color=\u00bboff\u00bb global_colors_info=\u00bb{}\u00bb][\/et_pb_column][\/et_pb_row][\/et_pb_section][et_pb_section fb_built=\u00bb1&#8243; admin_label=\u00bbmodulo3&#8243; _builder_version=\u00bb4.13.1&#8243; _module_preset=\u00bbdefault\u00bb background_enable_color=\u00bboff\u00bb background_enable_image=\u00bboff\u00bb background_video_mp4=\u00bbhttps:\/\/grupofaro.org\/SeparadosperoUnidos\/wp-content\/uploads\/2021\/11\/Plataformas-virtuales-para-la-ensenanza.mp4&#8243; min_height=\u00bb100vh\u00bb custom_margin=\u00bb0px|0px|0px|0px|false|false\u00bb custom_padding=\u00bb0px|0px|0px|0px|false|false\u00bb collapsed=\u00bboff\u00bb global_colors_info=\u00bb{}\u00bb][et_pb_row column_structure=\u00bb1_4,3_4&#8243; use_custom_gutter=\u00bbon\u00bb gutter_width=\u00bb1&#8243; make_equal=\u00bbon\u00bb _builder_version=\u00bb4.13.1&#8243; _module_preset=\u00bbdefault\u00bb width=\u00bb100%\u00bb max_width=\u00bb1920px\u00bb module_alignment=\u00bbleft\u00bb custom_margin=\u00bb0px|0px|0px|0px|false|false\u00bb custom_padding=\u00bb0px|50px|0px|0px|false|false\u00bb locked=\u00bboff\u00bb global_colors_info=\u00bb{}\u00bb][et_pb_column type=\u00bb1_4&#8243; _builder_version=\u00bb4.13.0&#8243; _module_preset=\u00bbdefault\u00bb background_enable_color=\u00bboff\u00bb z_index=\u00bb306&#8243; global_colors_info=\u00bb{}\u00bb][\/et_pb_column][et_pb_column type=\u00bb3_4&#8243; _builder_version=\u00bb4.13.0&#8243; _module_preset=\u00bbdefault\u00bb background_enable_color=\u00bboff\u00bb global_colors_info=\u00bb{}\u00bb][\/et_pb_column][\/et_pb_row][\/et_pb_section][et_pb_section fb_built=\u00bb1&#8243; admin_label=\u00bbM\u00f3dulo 4&#8243; _builder_version=\u00bb4.14.2&#8243; _module_preset=\u00bbdefault\u00bb background_image=\u00bbhttps:\/\/grupofaro.org\/SeparadosperoUnidos\/wp-content\/uploads\/2021\/11\/belen-delgado-1.jpg\u00bb parallax=\u00bbon\u00bb parallax_method=\u00bboff\u00bb background_enable_video_mp4=\u00bboff\u00bb height=\u00bb100vh\u00bb height_tablet=\u00bb100vh\u00bb height_phone=\u00bb100vh\u00bb height_last_edited=\u00bbon|phone\u00bb custom_margin=\u00bb0px|0px|0px|0px|false|false\u00bb custom_padding=\u00bb0px|0px|0px|0px|false|false\u00bb background_last_edited=\u00bbon|phone\u00bb background_image_phone=\u00bbhttps:\/\/grupofaro.org\/SeparadosperoUnidos\/wp-content\/uploads\/2021\/12\/belen-fondo-mobile.jpg\u00bb background_enable_image_phone=\u00bbon\u00bb locked=\u00bboff\u00bb collapsed=\u00bboff\u00bb global_colors_info=\u00bb{}\u00bb][et_pb_row column_structure=\u00bb1_4,3_4&#8243; use_custom_gutter=\u00bbon\u00bb gutter_width=\u00bb1&#8243; make_equal=\u00bbon\u00bb _builder_version=\u00bb4.13.0&#8243; _module_preset=\u00bbdefault\u00bb width=\u00bb100%\u00bb max_width=\u00bb1920px\u00bb module_alignment=\u00bbleft\u00bb custom_margin=\u00bb0px|0px|0px|0px|false|false\u00bb custom_padding=\u00bb0px|50px|0px|0px|false|false\u00bb locked=\u00bboff\u00bb global_colors_info=\u00bb{}\u00bb][et_pb_column type=\u00bb1_4&#8243; _builder_version=\u00bb4.13.0&#8243; _module_preset=\u00bbdefault\u00bb background_enable_color=\u00bboff\u00bb z_index=\u00bb306&#8243; global_colors_info=\u00bb{}\u00bb][\/et_pb_column][et_pb_column type=\u00bb3_4&#8243; _builder_version=\u00bb4.13.0&#8243; _module_preset=\u00bbdefault\u00bb background_enable_color=\u00bboff\u00bb global_colors_info=\u00bb{}\u00bb][et_pb_blurb title=\u00bbMira el video\u00bb use_icon=\u00bbon\u00bb font_icon=\u00bb&#x49;||divi||400&#8243; icon_color=\u00bb#EC6907&#8243; icon_alignment=\u00bbright\u00bb content_max_width=\u00bb1100px\u00bb _builder_version=\u00bb4.14.2&#8243; _module_preset=\u00bbdefault\u00bb header_level=\u00bbh6&#8243; header_text_align=\u00bbright\u00bb header_text_color=\u00bb#EFEBE0&#8243; module_alignment=\u00bbright\u00bb custom_margin=\u00bb0px||20%||false|false\u00bb custom_margin_tablet=\u00bb20%||||false|false\u00bb custom_margin_phone=\u00bb50%||||false|false\u00bb custom_margin_last_edited=\u00bbon|desktop\u00bb custom_padding=\u00bb50px||||false|false\u00bb animation_style=\u00bbzoom\u00bb animation_delay=\u00bb2500ms\u00bb animation_intensity_zoom=\u00bb8%\u00bb animation_starting_opacity=\u00bb100%\u00bb animation_repeat=\u00bbloop\u00bb dsm_modules_popup=\u00bbon\u00bb dsm_modules_popup_type=\u00bbvideo\u00bb dsm_modules_popup_video_url=\u00bbhttps:\/\/grupofaro.org\/SeparadosperoUnidos\/wp-content\/uploads\/2021\/11\/encuentros-dialogicos.mp4&#8243; dsm_modules_popup_width=\u00bb75%\u00bb dsm_modules_overlay_background=\u00bb#006EAE\u00bb global_colors_info=\u00bb{}\u00bb dsm_modules_popup_width_last_edited=\u00bbon|phone\u00bb dsm_modules_popup_width_phone=\u00bb95%\u00bb dsm_modules_popup_width_tablet=\u00bb75%\u00bb][\/et_pb_blurb][\/et_pb_column][\/et_pb_row][\/et_pb_section]<\/p>\n","protected":false},"excerpt":{"rendered":"<p>1: Metodolog\u00edas innovadoras de ense\u00f1anza 2: Herramientas virtuales para el aprendizaje 3: Habilidades socioemocionales para la ense\u00f1anza 4: Plataformas virtuales para el aprendizaje\u00bfC\u00f3mo afrontamos el proceso de educaci\u00f3n virtual? Desde FARO buscamos desarrollar un proceso formativo que responda esta pregunta que es motivo de preocupaci\u00f3n de quienes son parte de una comunidad educativa. Escucha la respuesta de Paola Jacome, directora de educaci\u00f3n de FARO.<\/p>\n","protected":false},"author":1,"featured_media":0,"parent":0,"menu_order":0,"comment_status":"closed","ping_status":"closed","template":"","meta":{"_et_pb_use_builder":"on","_et_pb_old_content":"","_et_gb_content_width":"","inline_featured_image":false,"footnotes":""},"class_list":["post-68","page","type-page","status-publish","hentry"],"_links":{"self":[{"href":"https:\/\/grupofaro.org\/SeparadosperoUnidos\/wp-json\/wp\/v2\/pages\/68","targetHints":{"allow":["GET"]}}],"collection":[{"href":"https:\/\/grupofaro.org\/SeparadosperoUnidos\/wp-json\/wp\/v2\/pages"}],"about":[{"href":"https:\/\/grupofaro.org\/SeparadosperoUnidos\/wp-json\/wp\/v2\/types\/page"}],"author":[{"embeddable":true,"href":"https:\/\/grupofaro.org\/SeparadosperoUnidos\/wp-json\/wp\/v2\/users\/1"}],"replies":[{"embeddable":true,"href":"https:\/\/grupofaro.org\/SeparadosperoUnidos\/wp-json\/wp\/v2\/comments?post=68"}],"version-history":[{"count":180,"href":"https:\/\/grupofaro.org\/SeparadosperoUnidos\/wp-json\/wp\/v2\/pages\/68\/revisions"}],"predecessor-version":[{"id":243866,"href":"https:\/\/grupofaro.org\/SeparadosperoUnidos\/wp-json\/wp\/v2\/pages\/68\/revisions\/243866"}],"wp:attachment":[{"href":"https:\/\/grupofaro.org\/SeparadosperoUnidos\/wp-json\/wp\/v2\/media?parent=68"}],"curies":[{"name":"wp","href":"https:\/\/api.w.org\/{rel}","templated":true}]}}