{"id":240375,"date":"2021-11-10T14:19:24","date_gmt":"2021-11-10T19:19:24","guid":{"rendered":"https:\/\/grupofaro.org\/SeparadosperoUnidos\/?page_id=240375"},"modified":"2021-12-14T10:01:19","modified_gmt":"2021-12-14T15:01:19","slug":"encuentros-dialogicos","status":"publish","type":"page","link":"https:\/\/grupofaro.org\/SeparadosperoUnidos\/encuentros-dialogicos\/","title":{"rendered":"Encuentros Dial\u00f3gicos"},"content":{"rendered":"<p>[et_pb_section fb_built=\u00bb1&#8243; _builder_version=\u00bb4.14.2&#8243; _module_preset=\u00bbdefault\u00bb use_background_color_gradient=\u00bbon\u00bb background_color_gradient_start=\u00bbrgba(48,43,40,0.4)\u00bb background_color_gradient_end=\u00bbrgba(112,112,111,0.3)\u00bb background_image=\u00bbhttps:\/\/grupofaro.org\/SeparadosperoUnidos\/wp-content\/uploads\/2021\/11\/SSPCDAMGFR0041-web.jpg\u00bb background_blend=\u00bbmultiply\u00bb min_height=\u00bb100vh\u00bb min_height_tablet=\u00bb100vh\u00bb min_height_phone=\u00bb\u00bb min_height_last_edited=\u00bbon|phone\u00bb custom_margin=\u00bb0px||0px||false|false\u00bb custom_padding=\u00bb0px||0px||false|false\u00bb background_last_edited=\u00bbon|phone\u00bb background_image_phone=\u00bbhttps:\/\/grupofaro.org\/SeparadosperoUnidos\/wp-content\/uploads\/2021\/12\/analia-docuweb-mobile.jpg\u00bb background_enable_image_phone=\u00bbon\u00bb background_position_phone=\u00bbtop_center\u00bb locked=\u00bboff\u00bb global_colors_info=\u00bb{}\u00bb][et_pb_row column_structure=\u00bb1_4,3_4&#8243; use_custom_gutter=\u00bbon\u00bb gutter_width=\u00bb1&#8243; make_equal=\u00bbon\u00bb custom_padding_last_edited=\u00bbon|phone\u00bb _builder_version=\u00bb4.14.2&#8243; _module_preset=\u00bbdefault\u00bb width=\u00bb100%\u00bb max_width=\u00bb1920px\u00bb module_alignment=\u00bbleft\u00bb custom_margin=\u00bb0px|0px|0px|0px|false|false\u00bb custom_padding=\u00bb77px|50px|0px|0px|false|false\u00bb custom_padding_tablet=\u00bb77px|50px|0px|0px|false|false\u00bb custom_padding_phone=\u00bb|20px||10px|false|false\u00bb locked=\u00bboff\u00bb global_colors_info=\u00bb{}\u00bb][et_pb_column type=\u00bb1_4&#8243; _builder_version=\u00bb4.13.0&#8243; _module_preset=\u00bbdefault\u00bb background_enable_color=\u00bboff\u00bb z_index=\u00bb306&#8243; global_colors_info=\u00bb{}\u00bb][et_pb_blurb title=\u00bbEncuentros Dial\u00f3gicos\u00bb image=\u00bbhttps:\/\/grupofaro.org\/SeparadosperoUnidos\/wp-content\/uploads\/2021\/11\/diaologicoo.png\u00bb image_icon_width=\u00bb80px\u00bb _builder_version=\u00bb4.14.2&#8243; _module_preset=\u00bbdefault\u00bb header_font=\u00bb|600||on|||||\u00bb header_text_align=\u00bbcenter\u00bb background_color=\u00bb#F6A000&#8243; z_index=\u00bb378&#8243; background_layout=\u00bbdark\u00bb width=\u00bb240px\u00bb width_tablet=\u00bb240px\u00bb width_phone=\u00bb150px\u00bb width_last_edited=\u00bbon|phone\u00bb max_width=\u00bb240px\u00bb max_width_tablet=\u00bb240px\u00bb max_width_phone=\u00bb150px\u00bb max_width_last_edited=\u00bbon|phone\u00bb module_alignment=\u00bbright\u00bb min_height=\u00bb200px\u00bb min_height_tablet=\u00bb200px\u00bb min_height_phone=\u00bb150px\u00bb min_height_last_edited=\u00bbon|phone\u00bb height=\u00bb200px\u00bb height_tablet=\u00bb200px\u00bb height_phone=\u00bb150px\u00bb height_last_edited=\u00bbon|phone\u00bb max_height=\u00bb200px\u00bb max_height_tablet=\u00bb200px\u00bb max_height_phone=\u00bb150px\u00bb max_height_last_edited=\u00bbon|phone\u00bb custom_margin=\u00bb|||20px|false|false\u00bb custom_margin_tablet=\u00bb|||20px|false|false\u00bb custom_margin_phone=\u00bb10px|||20px|false|false\u00bb custom_margin_last_edited=\u00bbon|phone\u00bb custom_padding=\u00bb30px|30px|30px|30px|false|false\u00bb custom_padding_tablet=\u00bb30px|30px|30px|30px|false|false\u00bb custom_padding_phone=\u00bb10px|10px|10px|10px|false|false\u00bb custom_padding_last_edited=\u00bbon|phone\u00bb header_font_size_tablet=\u00bb\u00bb header_font_size_phone=\u00bb14px\u00bb header_font_size_last_edited=\u00bbon|phone\u00bb module_alignment_tablet=\u00bbright\u00bb module_alignment_phone=\u00bbleft\u00bb module_alignment_last_edited=\u00bbon|phone\u00bb border_color_all=\u00bb#F6A000&#8243; border_width_bottom=\u00bb4px\u00bb box_shadow_style=\u00bbpreset2&#8243; box_shadow_horizontal_tablet=\u00bb\u00bb box_shadow_horizontal_phone=\u00bb\u00bb box_shadow_horizontal_last_edited=\u00bbon|desktop\u00bb locked=\u00bboff\u00bb global_colors_info=\u00bb{}\u00bb box_shadow_horizontal__hover_enabled=\u00bbon|hover\u00bb box_shadow_vertical__hover_enabled=\u00bbon|hover\u00bb][\/et_pb_blurb][\/et_pb_column][et_pb_column type=\u00bb3_4&#8243; _builder_version=\u00bb4.13.0&#8243; _module_preset=\u00bbdefault\u00bb background_enable_color=\u00bboff\u00bb global_colors_info=\u00bb{}\u00bb][et_pb_text content_tablet=\u00bb<\/p>\n<h2>Las clases en todo el territorio nacional quedan suspendidas a causa de la pandemia mundial de COVID-19.<\/h2>\n<p>\u00bb content_last_edited=\u00bboff|phone\u00bb _builder_version=\u00bb4.14.2&#8243; _module_preset=\u00bbdefault\u00bb header_text_align=\u00bbright\u00bb header_2_text_align=\u00bbright\u00bb header_2_font_size=\u00bb24px\u00bb header_2_line_height=\u00bb1.3em\u00bb text_orientation=\u00bbcenter\u00bb background_layout=\u00bbdark\u00bb width=\u00bb70%\u00bb width_tablet=\u00bb80%\u00bb width_phone=\u00bb89%\u00bb width_last_edited=\u00bbon|phone\u00bb module_alignment=\u00bbright\u00bb custom_margin=\u00bb201px|-74px|0px||false|false\u00bb custom_margin_tablet=\u00bb201px|-74px|0px||false|false\u00bb custom_margin_phone=\u00bb20px|-74px|0px||false|false\u00bb custom_margin_last_edited=\u00bbon|phone\u00bb custom_padding=\u00bb0px||20px||false|false\u00bb animation_style=\u00bbzoom\u00bb animation_direction=\u00bbtop\u00bb header_text_shadow_style=\u00bbpreset3&#8243; header_2_text_shadow_style=\u00bbpreset1&#8243; global_colors_info=\u00bb{}\u00bb]<\/p>\n<h2>Jornadas nacionales donde docentes y estudiantes de las instituciones educativas de Manab\u00ed y Pichincha intercambiaron sus aprendizajes y experiencias en el contexto de la pandemia.<\/h2>\n<p>[\/et_pb_text][et_pb_text content_tablet=\u00bb<\/p>\n<h2>El Ministerio de Educaci\u00f3n del Ecuador dispone la suspensi\u00f3n de clases en todo el territorio nacional para todas las instituciones educativas p\u00fablicas, fiscomisionales y particulares<\/h2>\n<h4>\u2026 docentes deber\u00e1n realizar planificaciones curriculares, capacitaciones y otras actividades a su cargo de forma online.<\/h4>\n<p>\u00bb content_phone=\u00bb<\/p>\n<h6>Se realizaron 16 encuentros dial\u00f3gicos virtuales, a los que se unieron dos instituciones educativas para dialogar sobre las percepciones de la comunidad respecto al confinamiento y posible retorno a la escuela.<\/h6>\n<p>\u00bb content_last_edited=\u00bbon|phone\u00bb _builder_version=\u00bb4.14.2&#8243; _module_preset=\u00bbdefault\u00bb header_2_line_height=\u00bb1.3em\u00bb header_6_text_align=\u00bbright\u00bb text_orientation=\u00bbcenter\u00bb background_layout=\u00bbdark\u00bb width=\u00bb60%\u00bb width_tablet=\u00bb80%\u00bb width_phone=\u00bb90%\u00bb width_last_edited=\u00bbon|phone\u00bb module_alignment=\u00bbright\u00bb custom_margin=\u00bb0px||0px||false|false\u00bb custom_padding=\u00bb0px||50px||false|false\u00bb custom_padding_tablet=\u00bb0px||50px||false|false\u00bb custom_padding_phone=\u00bb400px||0px||false|false\u00bb custom_padding_last_edited=\u00bbon|phone\u00bb animation_style=\u00bbzoom\u00bb animation_direction=\u00bbtop\u00bb animation_delay=\u00bb2000ms\u00bb header_text_shadow_style=\u00bbpreset3&#8243; header_2_text_shadow_style=\u00bbpreset1&#8243; header_4_text_shadow_style=\u00bbpreset1&#8243; global_colors_info=\u00bb{}\u00bb]<\/p>\n<h6>Se realizaron 16 encuentros dial\u00f3gicos virtuales, a los que se unieron dos instituciones educativas para dialogar sobre las percepciones de la comunidad respecto al confinamiento y posible retorno a la escuela.<\/h6>\n<p>[\/et_pb_text][et_pb_audio audio=\u00bbhttps:\/\/grupofaro.org\/SeparadosperoUnidos\/wp-content\/uploads\/2021\/11\/MARIS-webdoc.mp3&#8243; title=\u00bbMariss &#8211; Estudiante\u00bb _builder_version=\u00bb4.14.2&#8243; _module_preset=\u00bbdefault\u00bb title_level=\u00bbh6&#8243; title_text_align=\u00bbleft\u00bb background_color=\u00bb#e6f7aa\u00bb positioning=\u00bbnone\u00bb position_origin_a=\u00bbbottom_right\u00bb background_layout=\u00bblight\u00bb width=\u00bb40%\u00bb width_tablet=\u00bb40%\u00bb width_phone=\u00bb90%\u00bb width_last_edited=\u00bbon|phone\u00bb module_alignment=\u00bbright\u00bb custom_margin=\u00bb0px|-60px|50px||false|false\u00bb custom_margin_tablet=\u00bb0px|-60px|50px||false|false\u00bb custom_margin_phone=\u00bb0px|-60px|50px||false|false\u00bb custom_margin_last_edited=\u00bbon|phone\u00bb custom_padding=\u00bb20px|20px|20px|20px|false|false\u00bb animation_style=\u00bbslide\u00bb animation_direction=\u00bbbottom\u00bb animation_delay=\u00bb3000ms\u00bb border_radii=\u00bbon|20px|20px|20px|20px\u00bb box_shadow_style=\u00bbpreset1&#8243; global_colors_info=\u00bb{}\u00bb][\/et_pb_audio][et_pb_audio audio=\u00bbhttps:\/\/grupofaro.org\/SeparadosperoUnidos\/wp-content\/uploads\/2021\/11\/12.0-Audios-Docentes-Galileo-Galilei.mp3&#8243; title=\u00bbSonia Salas, docente de la UE Galileo Galilei\u00bb _builder_version=\u00bb4.14.2&#8243; _module_preset=\u00bbdefault\u00bb title_level=\u00bbh6&#8243; title_text_align=\u00bbleft\u00bb background_color=\u00bb#ffffff\u00bb positioning=\u00bbnone\u00bb position_origin_a=\u00bbbottom_right\u00bb background_layout=\u00bblight\u00bb width=\u00bb40%\u00bb width_tablet=\u00bb40%\u00bb width_phone=\u00bb90%\u00bb width_last_edited=\u00bbon|phone\u00bb module_alignment=\u00bbcenter\u00bb custom_margin=\u00bb30px|-60px|30px||false|false\u00bb custom_padding=\u00bb20px|20px|20px|20px|false|false\u00bb animation_style=\u00bbslide\u00bb animation_direction=\u00bbbottom\u00bb animation_delay=\u00bb5000ms\u00bb hover_enabled=\u00bb0&#8243; border_radii=\u00bbon|20px|20px|20px|20px\u00bb box_shadow_style=\u00bbpreset1&#8243; global_colors_info=\u00bb{}\u00bb sticky_enabled=\u00bb0&#8243;][\/et_pb_audio][\/et_pb_column][\/et_pb_row][\/et_pb_section]<\/p>\n","protected":false},"excerpt":{"rendered":"<p>Jornadas nacionales donde docentes y estudiantes de las instituciones educativas de Manab\u00ed y Pichincha intercambiaron sus aprendizajes y experiencias en el contexto de la pandemia.Se realizaron 16 encuentros dial\u00f3gicos virtuales, a los que se unieron dos instituciones educativas para dialogar sobre las percepciones de la comunidad respecto al confinamiento y posible retorno a la escuela.<\/p>\n","protected":false},"author":1,"featured_media":0,"parent":0,"menu_order":0,"comment_status":"closed","ping_status":"closed","template":"","meta":{"_et_pb_use_builder":"on","_et_pb_old_content":"","_et_gb_content_width":"","inline_featured_image":false,"footnotes":""},"class_list":["post-240375","page","type-page","status-publish","hentry"],"_links":{"self":[{"href":"https:\/\/grupofaro.org\/SeparadosperoUnidos\/wp-json\/wp\/v2\/pages\/240375","targetHints":{"allow":["GET"]}}],"collection":[{"href":"https:\/\/grupofaro.org\/SeparadosperoUnidos\/wp-json\/wp\/v2\/pages"}],"about":[{"href":"https:\/\/grupofaro.org\/SeparadosperoUnidos\/wp-json\/wp\/v2\/types\/page"}],"author":[{"embeddable":true,"href":"https:\/\/grupofaro.org\/SeparadosperoUnidos\/wp-json\/wp\/v2\/users\/1"}],"replies":[{"embeddable":true,"href":"https:\/\/grupofaro.org\/SeparadosperoUnidos\/wp-json\/wp\/v2\/comments?post=240375"}],"version-history":[{"count":99,"href":"https:\/\/grupofaro.org\/SeparadosperoUnidos\/wp-json\/wp\/v2\/pages\/240375\/revisions"}],"predecessor-version":[{"id":243862,"href":"https:\/\/grupofaro.org\/SeparadosperoUnidos\/wp-json\/wp\/v2\/pages\/240375\/revisions\/243862"}],"wp:attachment":[{"href":"https:\/\/grupofaro.org\/SeparadosperoUnidos\/wp-json\/wp\/v2\/media?parent=240375"}],"curies":[{"name":"wp","href":"https:\/\/api.w.org\/{rel}","templated":true}]}}