{"id":239251,"date":"2021-10-26T10:24:54","date_gmt":"2021-10-26T15:24:54","guid":{"rendered":"https:\/\/grupofaro.org\/SeparadosperoUnidos\/?page_id=239251"},"modified":"2021-11-24T21:12:29","modified_gmt":"2021-11-25T02:12:29","slug":"agradecimientos","status":"publish","type":"page","link":"https:\/\/grupofaro.org\/SeparadosperoUnidos\/agradecimientos\/","title":{"rendered":"Agradecimientos"},"content":{"rendered":"<p>[et_pb_section fb_built=\u00bb1&#8243; _builder_version=\u00bb4.13.1&#8243; use_background_color_gradient=\u00bbon\u00bb background_color_gradient_start=\u00bb#70706f\u00bb background_color_gradient_end=\u00bb#70706f\u00bb background_image=\u00bbhttps:\/\/grupofaro.org\/SeparadosperoUnidos\/wp-content\/uploads\/2021\/11\/SSPAECGPFR242-web-1.jpg\u00bb background_blend=\u00bbmultiply\u00bb custom_margin=\u00bb0px|0px|0px|0px|false|false\u00bb custom_padding=\u00bb0px|0px|0px|0px|false|false\u00bb global_colors_info=\u00bb{}\u00bb][et_pb_row column_structure=\u00bb1_2,1_2&#8243; custom_padding_last_edited=\u00bbon|phone\u00bb _builder_version=\u00bb4.13.1&#8243; use_background_color_gradient=\u00bbon\u00bb background_color_gradient_start=\u00bbrgba(112,112,111,0.3)\u00bb background_color_gradient_end=\u00bbrgba(112,112,111,0.45)\u00bb background_color_gradient_overlays_image=\u00bbon\u00bb background_image=\u00bbhttps:\/\/grupofaro.org\/SeparadosperoUnidos\/wp-content\/uploads\/2021\/11\/fondo-tvtextura.png\u00bb background_position=\u00bbtop_left\u00bb background_repeat=\u00bbrepeat\u00bb width=\u00bb100%\u00bb max_width=\u00bb1920px\u00bb custom_margin=\u00bb0px|0px|0px|0px|false|false\u00bb custom_padding=\u00bb220px|100px|120px|100px|false|false\u00bb custom_padding_tablet=\u00bb220px|100px|120px|100px|false|false\u00bb custom_padding_phone=\u00bb200px|20px|100px|20px|false|false\u00bb global_colors_info=\u00bb{}\u00bb][et_pb_column type=\u00bb1_2&#8243; _builder_version=\u00bb3.25&#8243; custom_padding=\u00bb|||\u00bb global_colors_info=\u00bb{}\u00bb custom_padding__hover=\u00bb|||\u00bb][et_pb_text _builder_version=\u00bb4.14.1&#8243; background_size=\u00bbinitial\u00bb background_position=\u00bbtop_left\u00bb background_repeat=\u00bbrepeat\u00bb background_layout=\u00bbdark\u00bb hover_enabled=\u00bb0&#8243; global_colors_info=\u00bb{}\u00bb sticky_enabled=\u00bb0&#8243;]<\/p>\n<h1>Agradecemos el apoyo de:<\/h1>\n<p>[\/et_pb_text][et_pb_text _builder_version=\u00bb4.14.1&#8243; background_size=\u00bbinitial\u00bb background_position=\u00bbtop_left\u00bb background_repeat=\u00bbrepeat\u00bb background_layout=\u00bbdark\u00bb custom_margin=\u00bb0px||0px||false|false\u00bb custom_padding=\u00bb10px||5px||false|false\u00bb hover_enabled=\u00bb0&#8243; border_color_top=\u00bb#EFEBE0&#8243; border_style_top=\u00bbdotted\u00bb border_width_bottom=\u00bb1px\u00bb border_color_bottom=\u00bb#EFEBE0&#8243; border_style_bottom=\u00bbdotted\u00bb global_colors_info=\u00bb{}\u00bb sticky_enabled=\u00bb0&#8243;]<\/p>\n<h4><strong>I LEAD:<\/strong><\/h4>\n<p>David Castro, Isabel Monterrosa, Angel Figeroa, Norma Tamayo, Angelo Romaniello Jr y Marisa DeSantis-Hayman.<\/p>\n<p>[\/et_pb_text][et_pb_text _builder_version=\u00bb4.14.1&#8243; background_size=\u00bbinitial\u00bb background_position=\u00bbtop_left\u00bb background_repeat=\u00bbrepeat\u00bb background_layout=\u00bbdark\u00bb custom_margin=\u00bb0px||0px||false|false\u00bb custom_padding=\u00bb5px||5px||false|false\u00bb hover_enabled=\u00bb0&#8243; border_color_top=\u00bb#EFEBE0&#8243; border_style_top=\u00bbdotted\u00bb border_width_bottom=\u00bb1px\u00bb border_color_bottom=\u00bb#EFEBE0&#8243; border_style_bottom=\u00bbdotted\u00bb global_colors_info=\u00bb{}\u00bb sticky_enabled=\u00bb0&#8243;]<\/p>\n<h4><strong>Embajada de Estados Unidos en Ecuador:<\/strong><\/h4>\n<p>Chelsia Hetrick y Andrea Viteri.<\/p>\n<p>[\/et_pb_text][et_pb_text _builder_version=\u00bb4.14.1&#8243; background_size=\u00bbinitial\u00bb background_position=\u00bbtop_left\u00bb background_repeat=\u00bbrepeat\u00bb background_layout=\u00bbdark\u00bb custom_margin=\u00bb0px||0px||false|false\u00bb custom_padding=\u00bb5px||5px||false|false\u00bb hover_enabled=\u00bb0&#8243; border_color_top=\u00bb#EFEBE0&#8243; border_style_top=\u00bbdotted\u00bb border_width_bottom=\u00bb1px\u00bb border_color_bottom=\u00bb#EFEBE0&#8243; border_style_bottom=\u00bbdotted\u00bb global_colors_info=\u00bb{}\u00bb sticky_enabled=\u00bb0&#8243;]<\/p>\n<h4><strong>Ministerio de Educaci\u00f3n:<\/strong><\/h4>\n<p>Mar\u00eda Brown y Karina Rivadeneira.<\/p>\n<p>[\/et_pb_text][\/et_pb_column][et_pb_column type=\u00bb1_2&#8243; _builder_version=\u00bb3.25&#8243; custom_padding=\u00bb|||\u00bb global_colors_info=\u00bb{}\u00bb custom_padding__hover=\u00bb|||\u00bb][et_pb_text _builder_version=\u00bb4.13.1&#8243; background_size=\u00bbinitial\u00bb background_position=\u00bbtop_left\u00bb background_repeat=\u00bbrepeat\u00bb text_orientation=\u00bbjustified\u00bb background_layout=\u00bbdark\u00bb global_colors_info=\u00bb{}\u00bb]<\/p>\n<p><strong>Y a todas los participantes de las instituciones educativas que formaron parte de esta iniciativa:<\/strong><\/p>\n<p>CEI Patricio Romero<br \/>CEI Lucia Franco de Castro<br \/>CECIB Cayambe<br \/>Unidad educativa Francisco Zurita<br \/>Unidad educativa 4 de Noviembre<br \/>Unidad educativa Julio Pierregrosse<br \/>Unidad educativa Manuela de Santa Cruz y Espejo<br \/>Unidad educativa Jorge Jeremy Cantos<br \/>Unidad educativa Galileo Galilei<br \/>Unidad educativa Mushuk Pakari<br \/>Unidad educativa Fiscal Manta<br \/>Colegio de Bachillerato T\u00e9cnico Luis Arboleda Mart\u00ednez<br \/>Unidad educativa Daniel Acosta Rosales<br \/>Unidad educativa Luis Felipe Ch\u00e1vez<br \/>Unidad educativa Juan Montalvo<br \/>Unidad educativa Jorge Washington<\/p>\n<p>[\/et_pb_text][\/et_pb_column][\/et_pb_row][\/et_pb_section][et_pb_section fb_built=\u00bb1&#8243; _builder_version=\u00bb4.13.0&#8243; _module_preset=\u00bbdefault\u00bb background_enable_image=\u00bboff\u00bb background_size=\u00bbcontain\u00bb min_height=\u00bb52px\u00bb min_height_tablet=\u00bb52px\u00bb min_height_phone=\u00bb52px\u00bb min_height_last_edited=\u00bbon|phone\u00bb height=\u00bb12px\u00bb max_height=\u00bb12px\u00bb custom_margin=\u00bb0px|0px|0px|0px|false|false\u00bb custom_padding=\u00bb0px|0px|0px|0px|false|false\u00bb global_module=\u00bb240605&#8243; global_colors_info=\u00bb{}\u00bb][et_pb_row _builder_version=\u00bb4.13.0&#8243; _module_preset=\u00bbdefault\u00bb width=\u00bb100%\u00bb max_width=\u00bb1920px\u00bb min_height=\u00bb50px\u00bb min_height_tablet=\u00bb\u00bb min_height_phone=\u00bb\u00bb min_height_last_edited=\u00bbon|phone\u00bb custom_margin=\u00bb0px|0px|0px|0px|false|false\u00bb custom_padding=\u00bb0px|0px|0px|0px|false|false\u00bb global_colors_info=\u00bb{}\u00bb][et_pb_column type=\u00bb4_4&#8243; _builder_version=\u00bb4.13.0&#8243; _module_preset=\u00bbdefault\u00bb global_colors_info=\u00bb{}\u00bb][et_pb_image src=\u00bbhttps:\/\/grupofaro.org\/SeparadosperoUnidos\/wp-content\/uploads\/2021\/11\/franja.png\u00bb title_text=\u00bbfranja\u00bb _builder_version=\u00bb4.13.1&#8243; _module_preset=\u00bbdefault\u00bb width=\u00bb100%\u00bb max_width=\u00bb1920px\u00bb custom_margin=\u00bb0px||0px||false|false\u00bb custom_padding=\u00bb0px||0px||false|false\u00bb global_colors_info=\u00bb{}\u00bb][\/et_pb_image][\/et_pb_column][\/et_pb_row][\/et_pb_section]<\/p>\n","protected":false},"excerpt":{"rendered":"<p>Agradecemos el apoyo de:I LEAD: David Castro, Isabel Monterrosa, Angel Figeroa, Norma Tamayo, Angelo Romaniello Jr y Marisa DeSantis-Hayman.Embajada de Estados Unidos en Ecuador: Chelsia Hetrick y Andrea Viteri.Ministerio de Educaci\u00f3n: Mar\u00eda Brown y Karina Rivadeneira.Y a todas los participantes de las instituciones educativas que formaron parte de esta iniciativa: CEI Patricio RomeroCEI Lucia Franco de CastroCECIB CayambeUnidad educativa Francisco ZuritaUnidad educativa 4 de NoviembreUnidad educativa Julio PierregrosseUnidad educativa Manuela de Santa Cruz y EspejoUnidad educativa Jorge Jeremy CantosUnidad educativa Galileo GalileiUnidad educativa Mushuk PakariUnidad educativa Fiscal MantaColegio de Bachillerato T\u00e9cnico Luis Arboleda Mart\u00ednezUnidad educativa Daniel Acosta RosalesUnidad educativa Luis Felipe Ch\u00e1vezUnidad educativa Juan MontalvoUnidad educativa Jorge Washington<\/p>\n","protected":false},"author":1,"featured_media":0,"parent":0,"menu_order":0,"comment_status":"closed","ping_status":"closed","template":"","meta":{"_et_pb_use_builder":"on","_et_pb_old_content":"<p style=\"text-align: center;\">Agradecemos el apoyo de las siguientes personas en la realizaci\u00f3n de este proyecto:<\/p><p style=\"text-align: center;\">I LEAD: David Castro, Isabel Monterrosa, Angel Figeroa, Norma Tamayo, Angelo Romaniello Jr y Marisa DeSantis-Hayman.<\/p><p style=\"text-align: center;\">Embajada de Estados Unidos en Ecuador: Chelsia Hetrick y Andrea Viteri.<\/p><p style=\"text-align: center;\">A todas los participantes de las instituciones educativas que formaron parte de esta iniciativa:<\/p><p style=\"text-align: center;\">CEI Patricio Romero<br \/>CEI Lucia Franco de Castro<br \/>CECIB Cayambe<br \/>Unidad educativa Francisco Zurita<br \/>Unidad educativa 4 de Noviembre<br \/>Unidad educativa Julio Pierregrosse<br \/>Unidad educativa Manuela de Santa Cruz y Espejo<br \/>Unidad educativa Jorge Jeremy Cantos<br \/>Unidad educativa Galileo Galilei<br \/>Unidad educativa Mushuk Pakari<br \/>Unidad educativa Fiscal Manta<br \/>Colegio de Bachillerato T\u00e9cnico Luis Arboleda Mart\u00ednez<br \/>Unidad educativa Daniel Acosta Rosales<br \/>Unidad educativa Luis Felipe Ch\u00e1vez<br \/>Unidad educativa Juan Montalvo<br \/>Unidad educativa Jorge Washington<\/p>","_et_gb_content_width":"","inline_featured_image":false,"footnotes":""},"class_list":["post-239251","page","type-page","status-publish","hentry"],"_links":{"self":[{"href":"https:\/\/grupofaro.org\/SeparadosperoUnidos\/wp-json\/wp\/v2\/pages\/239251","targetHints":{"allow":["GET"]}}],"collection":[{"href":"https:\/\/grupofaro.org\/SeparadosperoUnidos\/wp-json\/wp\/v2\/pages"}],"about":[{"href":"https:\/\/grupofaro.org\/SeparadosperoUnidos\/wp-json\/wp\/v2\/types\/page"}],"author":[{"embeddable":true,"href":"https:\/\/grupofaro.org\/SeparadosperoUnidos\/wp-json\/wp\/v2\/users\/1"}],"replies":[{"embeddable":true,"href":"https:\/\/grupofaro.org\/SeparadosperoUnidos\/wp-json\/wp\/v2\/comments?post=239251"}],"version-history":[{"count":29,"href":"https:\/\/grupofaro.org\/SeparadosperoUnidos\/wp-json\/wp\/v2\/pages\/239251\/revisions"}],"predecessor-version":[{"id":243582,"href":"https:\/\/grupofaro.org\/SeparadosperoUnidos\/wp-json\/wp\/v2\/pages\/239251\/revisions\/243582"}],"wp:attachment":[{"href":"https:\/\/grupofaro.org\/SeparadosperoUnidos\/wp-json\/wp\/v2\/media?parent=239251"}],"curies":[{"name":"wp","href":"https:\/\/api.w.org\/{rel}","templated":true}]}}