{"id":239249,"date":"2021-10-26T10:24:46","date_gmt":"2021-10-26T15:24:46","guid":{"rendered":"https:\/\/grupofaro.org\/SeparadosperoUnidos\/?page_id=239249"},"modified":"2025-12-29T09:37:24","modified_gmt":"2025-12-29T14:37:24","slug":"creditos","status":"publish","type":"page","link":"https:\/\/grupofaro.org\/SeparadosperoUnidos\/creditos\/","title":{"rendered":"Cr\u00e9ditos"},"content":{"rendered":"<p>[et_pb_section fb_built=\u00bb1&#8243; _builder_version=\u00bb4.16&#8243; _module_preset=\u00bbdefault\u00bb use_background_color_gradient=\u00bbon\u00bb background_color_gradient_stops=\u00bb#70706f 0%|#70706f 100%\u00bb background_color_gradient_start=\u00bb#70706f\u00bb background_color_gradient_end=\u00bb#70706f\u00bb background_image=\u00bbhttps:\/\/grupofaro.org\/SeparadosperoUnidos\/wp-content\/uploads\/2021\/11\/SSPAECGPFR240-web.jpg\u00bb background_blend=\u00bbmultiply\u00bb custom_margin=\u00bb0px|0px|0px|0px|false|false\u00bb custom_padding=\u00bb0px|0px|0px|0px|false|false\u00bb global_colors_info=\u00bb{}\u00bb][et_pb_row column_structure=\u00bb1_2,1_2&#8243; custom_padding_last_edited=\u00bbon|phone\u00bb _builder_version=\u00bb4.16&#8243; _module_preset=\u00bbdefault\u00bb custom_margin=\u00bb0px||||false|false\u00bb custom_padding=\u00bb200px||||false|false\u00bb custom_padding_tablet=\u00bb200px||||false|false\u00bb custom_padding_phone=\u00bb100px||||false|false\u00bb global_colors_info=\u00bb{}\u00bb][et_pb_column type=\u00bb1_2&#8243; _builder_version=\u00bb4.16&#8243; _module_preset=\u00bbdefault\u00bb global_colors_info=\u00bb{}\u00bb][et_pb_text _builder_version=\u00bb4.16&#8243; _module_preset=\u00bbdefault\u00bb background_layout=\u00bbdark\u00bb global_colors_info=\u00bb{}\u00bb]<\/p>\n<h1>Faro<\/h1>\n<p><strong>Direcci\u00f3n Ejecutiva:<\/strong><br \/>Ana Patricia Mu\u00f1oz<br \/><strong>Direcci\u00f3n Educaci\u00f3n:<\/strong><br \/>Paola J\u00e1come<br \/><strong>Coordinaci\u00f3n proyecto:<\/strong><br \/>Aar\u00f3n S\u00e1nchez<br \/><strong>Equipo a cargo de m\u00f3dulos de formaci\u00f3n:<\/strong><br \/>Paola J\u00e1come, Matilde Valarezo, Lorena Salazar,<br \/>Stephen Bruque, Marcelo Ch\u00e1vez<\/p>\n<p>[\/et_pb_text][et_pb_text _builder_version=\u00bb4.27.5&#8243; _module_preset=\u00bbdefault\u00bb link_font=\u00bb|700|||on||||\u00bb link_text_color=\u00bb#ffffff\u00bb background_layout=\u00bbdark\u00bb hover_enabled=\u00bb0&#8243; global_colors_info=\u00bb{}\u00bb sticky_enabled=\u00bb0&#8243;]<\/p>\n<h1>Webdoc<\/h1>\n<p><strong>Gui\u00f3n, dise\u00f1o e implementaci\u00f3n: <\/strong><br \/><a href=\"https:\/\/mentha.ec\" target=\"_blank\" rel=\"noopener\">Mentha.ec: Gabriela Ar\u00e9valo y Juliana Maya<\/a><br \/><strong>Fotograf\u00edas y videos:<\/strong><br \/>La Maquinaria Sociedad Visual<br \/><strong>Equipo educaci\u00f3n:<\/strong><br \/>Paola J\u00e1come, Aar\u00f3n S\u00e1nchez, Stephen Bruque<br \/><strong>Equipo comunicaci\u00f3n:<\/strong><br \/>Katy Puga, Andrea Zum\u00e1rraga<\/p>\n<p>[\/et_pb_text][\/et_pb_column][et_pb_column type=\u00bb1_2&#8243; _builder_version=\u00bb4.16&#8243; _module_preset=\u00bbdefault\u00bb global_colors_info=\u00bb{}\u00bb][et_pb_video src=\u00bbhttps:\/\/grupofaro.org\/SeparadosperoUnidos\/wp-content\/uploads\/2021\/11\/creditos-david-castro.mp4&#8243; _builder_version=\u00bb4.16&#8243; _module_preset=\u00bbdefault\u00bb global_colors_info=\u00bb{}\u00bb][\/et_pb_video][et_pb_video src=\u00bbhttps:\/\/grupofaro.org\/SeparadosperoUnidos\/wp-content\/uploads\/2021\/11\/video-agredada-Chelsia-op4.mp4&#8243; _builder_version=\u00bb4.16&#8243; _module_preset=\u00bbdefault\u00bb global_colors_info=\u00bb{}\u00bb][\/et_pb_video][\/et_pb_column][\/et_pb_row][\/et_pb_section]<\/p>\n","protected":false},"excerpt":{"rendered":"<p>Faro Direcci\u00f3n Ejecutiva:Ana Patricia Mu\u00f1ozDirecci\u00f3n Educaci\u00f3n:Paola J\u00e1comeCoordinaci\u00f3n proyecto:Aar\u00f3n S\u00e1nchezEquipo a cargo de m\u00f3dulos de formaci\u00f3n:Paola J\u00e1come, Matilde Valarezo, Lorena Salazar,Stephen Bruque, Marcelo Ch\u00e1vezWebdoc Gui\u00f3n, dise\u00f1o e implementaci\u00f3n: Mentha.ec: Gabriela Ar\u00e9valo y Juliana MayaFotograf\u00edas y videos:La Maquinaria Sociedad VisualEquipo educaci\u00f3n:Paola J\u00e1come, Aar\u00f3n S\u00e1nchez, Stephen BruqueEquipo comunicaci\u00f3n:Katy Puga, Andrea Zum\u00e1rraga<\/p>\n","protected":false},"author":1,"featured_media":0,"parent":0,"menu_order":0,"comment_status":"closed","ping_status":"closed","template":"","meta":{"_et_pb_use_builder":"on","_et_pb_old_content":"","_et_gb_content_width":"","inline_featured_image":false,"footnotes":""},"class_list":["post-239249","page","type-page","status-publish","hentry"],"_links":{"self":[{"href":"https:\/\/grupofaro.org\/SeparadosperoUnidos\/wp-json\/wp\/v2\/pages\/239249","targetHints":{"allow":["GET"]}}],"collection":[{"href":"https:\/\/grupofaro.org\/SeparadosperoUnidos\/wp-json\/wp\/v2\/pages"}],"about":[{"href":"https:\/\/grupofaro.org\/SeparadosperoUnidos\/wp-json\/wp\/v2\/types\/page"}],"author":[{"embeddable":true,"href":"https:\/\/grupofaro.org\/SeparadosperoUnidos\/wp-json\/wp\/v2\/users\/1"}],"replies":[{"embeddable":true,"href":"https:\/\/grupofaro.org\/SeparadosperoUnidos\/wp-json\/wp\/v2\/comments?post=239249"}],"version-history":[{"count":18,"href":"https:\/\/grupofaro.org\/SeparadosperoUnidos\/wp-json\/wp\/v2\/pages\/239249\/revisions"}],"predecessor-version":[{"id":243998,"href":"https:\/\/grupofaro.org\/SeparadosperoUnidos\/wp-json\/wp\/v2\/pages\/239249\/revisions\/243998"}],"wp:attachment":[{"href":"https:\/\/grupofaro.org\/SeparadosperoUnidos\/wp-json\/wp\/v2\/media?parent=239249"}],"curies":[{"name":"wp","href":"https:\/\/api.w.org\/{rel}","templated":true}]}}